{"id":713,"date":"2020-04-07T21:24:06","date_gmt":"2020-04-07T19:24:06","guid":{"rendered":"https:\/\/orditux.org\/floss\/?page_id=713"},"modified":"2026-01-31T07:44:24","modified_gmt":"2026-01-31T05:44:24","slug":"cookies","status":"publish","type":"page","link":"https:\/\/orditux.org\/floss\/cookies\/","title":{"rendered":"Cookies"},"content":{"rendered":"<h2>Que faire avec les cookies de navigation ?<\/h2>\n<p><strong>Orditux Informatique et ses blogs associ\u00e9s collectent les donn\u00e9es suivantes<\/strong><\/p>\n<ul>\n<li>des donn\u00e9es de navigation anonymis\u00e9es par le biais de cookies<\/li>\n<li>les informations que vous fournissez\u00a0 par le formulaire de contact ou quand vous vous abonnez<\/li>\n<\/ul>\n<p>Ces cookies sont invalid\u00e9s apr\u00e8s 6 mois. Vous pouvez aussi les supprimer depuis les pr\u00e9f\u00e9rences de votre navigateur web.<\/p>\n<p><strong>Plus d&#8217;information<\/strong><\/p>\n<p>La loi europ\u00e9enne nomm\u00e9e &#8220;paquet t\u00e9l\u00e9com&#8221; fait obligation aux \u00e9diteurs de sites internet de fournir des informations sur les cookies utilis\u00e9s lors de la navigation. Voir ces bandes qui me g\u00e2chent l&#8217;\u00e9cran ne me pla\u00eet pas trop, mais ce n&#8217;est pas inutile d&#8217;informer les visiteurs peu au fait des techniques du web.<\/p>\n<p>Pour expliquer simplement les choses, les cookies que le site web Orditux.org et ses sous-sites placent dans votre navigateur ne sert qu&#8217;\u00e0 une chose, \u00e9tablir des statistiques sur les visites et ne conservent aucune donn\u00e9e personnelle.<\/p>\n<p>Vous pouvez probablement doter votre navigateur internet pr\u00e9f\u00e9r\u00e9 d&#8217;un gestionnaire de cookies avanc\u00e9, sous la forme d&#8217;une extension. Par exemple, pour Mozilla Firefox, il en existe un certain nombre:<br \/>\n<div class=\"column-group columns-2\"><br \/>\n<div class=\"column column-number-1 column-span-1\"><\/p>\n<div id=\"attachment_763\" class=\"wp-caption aligncenter\" style=\"width: 300px\"><a href=\"https:\/\/addons.mozilla.org\/fr\/firefox\/search\/?q=cookies&amp;appver=38.0&amp;platform=\" target=\"_blank\" rel=\"noopener noreferrer\"><img data-recalc-dims=\"1\" decoding=\"async\" class=\"wp-image-763 size-medium\" title=\"Gestionnaires de cookies\" src=\"https:\/\/i0.wp.com\/orditux.org\/wp-content\/uploads\/2015\/06\/cookie-managers-300x196.png?resize=300%2C196&#038;ssl=1\" alt=\"Gestionnaires de cookies\" width=\"300\" height=\"196\" \/><\/a><p class=\"wp-caption-text\">Cliquez sur l&#8217;image<\/p><\/div>\n<p>\n<\/div><br \/>\n<div class=\"column column-number-2 last column-span-1\"><\/p>\n<p style=\"text-align: left;\">Le pr\u00e9sent site, www.orditux.org, comme tous les sites internet actuels, utilise des cookies (il y a tr\u00e8s peu de sites web n&#8217;utilisant aucun cookie).<\/p>\n<p>Ces cookies ne sont pas employ\u00e9s pour vous identifier personnellement. Vous pouvez trouver (cliquez ici \u2192 ) <a href=\"http:\/\/www.cnil.fr\/vos-droits\/vos-traces\/les-cookies\/\" target=\"_blank\" rel=\"noopener noreferrer\">des informations d\u00e9taill\u00e9es<\/a> sur le site de la CNIL (Commission Nationale Informatique et Libert\u00e9) sur l&#8217;usage qui est fait des cookies.<\/p>\n<p>\n<\/div><br \/>\n<\/div><\/p>\n<p>Extrait du site de la CNIL:<\/p>\n<blockquote><p>Qu&#8217;est-ce qu&#8217;un cookie ?<\/p>\n<p>Un cookie est une information d\u00e9pos\u00e9e sur votre disque dur par le serveur du site que vous visitez.<br \/>\nIl contient plusieurs donn\u00e9es :<\/p>\n<ul>\n<li>le nom du serveur qui l&#8217;a d\u00e9pos\u00e9e ;<\/li>\n<li>un identifiant sous forme de num\u00e9ro unique ;<\/li>\n<li>\u00e9ventuellement une date d&#8217;expiration\u2026<\/li>\n<\/ul>\n<p>Ces informations sont parfois stock\u00e9es sur votre ordinateur dans un simple fichier texte auquel un serveur acc\u00e8de pour lire et enregistrer des informations.<\/p><\/blockquote>\n<h3>Les Cookies Utilis\u00e9s<\/h3>\n<p>N&#8217;\u00e9tant pas moi-m\u00eame experte en la mati\u00e8re, j&#8217;ai fait un test lorsque la loi Paquet T\u00e9l\u00e9com est sortie pour d\u00e9couvrir quels cookies Orditux.org place dans mes navigateurs. J&#8217;ai s\u00e9lectionn\u00e9 l&#8217;extension CookieKeeper (car certains cookies sont importants \u00e0 conserver, comme ceux plac\u00e9s dans le navigateur lorsqu&#8217;on se connecte aux sites de certaines administrations).<\/p>\n<p><a href=\"https:\/\/addons.mozilla.org\/fr\/firefox\/addon\/cookiekeeper\/?src=api\" target=\"_blank\" rel=\"noopener noreferrer\"><img data-recalc-dims=\"1\" decoding=\"async\" class=\"alignleft wp-image-764 size-full\" title=\"Extension Cookie Keeper\" src=\"https:\/\/i0.wp.com\/orditux.org\/wp-content\/uploads\/2015\/06\/cookie-keeper.png?resize=646%2C154&#038;ssl=1\" alt=\"Cookie Keeper\" width=\"646\" height=\"154\" \/><\/a>Une fois install\u00e9e et configur\u00e9e, cette extension me permet d&#8217;afficher les cookies plac\u00e9s dans l&#8217;ordinateur, et de l\u00e0 je peux faire une recherche dans le dossier contenant les configuration de Firefox, afin de me faire une id\u00e9e sur ce qu&#8217;ils font.<\/p>\n<p>Il me fallait d&#8217;abord me d\u00e9connecter du tableau de bord, puis supprimer tous les cookies, pour \u00eatre dans la m\u00eame situation qu&#8217;un visiteur qui viendrait juste d&#8217;atterrir sur la page du site, afin de pouvoir faire les captures d&#8217;\u00e9crans suivantes pour illustrer cette page.<\/p>\n<div id=\"attachment_766\" class=\"wp-caption alignleft\" style=\"width: 300px\"><a href=\"https:\/\/i0.wp.com\/orditux.org\/wp-content\/uploads\/2015\/06\/cookies-1.png?ssl=1\" data-rel=\"lightbox-gallery-jFLVhQUG\" data-imagelightbox=\"0\" data-rl_title=\"\" data-rl_caption=\"\" title=\"\"><img data-recalc-dims=\"1\" decoding=\"async\" class=\"size-medium wp-image-766\" src=\"https:\/\/i0.wp.com\/orditux.org\/wp-content\/uploads\/2015\/06\/cookies-1-300x166.png?resize=300%2C166&#038;ssl=1\" alt=\"Premiesr cookies\" width=\"300\" height=\"166\" \/><\/a><p class=\"wp-caption-text\">Lorsqu&#8217;on arrive sur la page<\/p><\/div>\n<p>Si vous avez install\u00e9 le m\u00eame plugin de gestion de cookies, vous trouverez ces informations \u00e0 propos de ceux plac\u00e9s par chacun des sites visit\u00e9s. Vous pourrez aussi examiner chaque cookie individuellement, et tenter de deviner leur usage.<\/p>\n<div id=\"attachment_767\" class=\"wp-caption aligncenter\" style=\"width: 300px\"><a href=\"https:\/\/i0.wp.com\/orditux.org\/wp-content\/uploads\/2015\/06\/cookies-No.png?ssl=1\" data-rel=\"lightbox-gallery-jFLVhQUG\" data-imagelightbox=\"1\" data-rl_title=\"\" data-rl_caption=\"\" title=\"\"><img data-recalc-dims=\"1\" decoding=\"async\" class=\"wp-image-767 size-medium\" src=\"https:\/\/i0.wp.com\/orditux.org\/wp-content\/uploads\/2015\/06\/cookies-No-300x160.png?resize=300%2C160&#038;ssl=1\" alt=\"Cookies No\" width=\"300\" height=\"160\" \/><\/a><p class=\"wp-caption-text\">Quand on refuse<\/p><\/div>\n<div id=\"attachment_768\" class=\"wp-caption alignright\" style=\"width: 300px\"><a href=\"https:\/\/i0.wp.com\/orditux.org\/wp-content\/uploads\/2015\/06\/cookies-Ok.png?ssl=1\" data-rel=\"lightbox-gallery-jFLVhQUG\" data-imagelightbox=\"2\" data-rl_title=\"\" data-rl_caption=\"\" title=\"\"><img data-recalc-dims=\"1\" decoding=\"async\" class=\"wp-image-768 size-medium\" src=\"https:\/\/i0.wp.com\/orditux.org\/wp-content\/uploads\/2015\/06\/cookies-Ok-300x158.png?resize=300%2C158&#038;ssl=1\" alt=\"Si on accepte le cookie\" width=\"300\" height=\"158\" \/><\/a><p class=\"wp-caption-text\">Lorsqu&#8217;on accepte<\/p><\/div>\n<p>Quel est le r\u00f4le du dernier cookie, celui dont le nom cryptique est \u00abHCFTCLKMAGIDMBQA\u00bb et dont la valeur non moins absconse est \u00abnrwfFBFoGnFhqFlC\u00bb ?<\/p>\n<p>Selon toute apparence, apr\u00e8s avoir fait cette recherche dans le r\u00e9pertoire de mon profil utilisateur, j&#8217;ai trouv\u00e9 ces valeurs dans le sous-r\u00e9pertoire sessionstore-backups.<\/p>\n<p>Apparemment sa fonction est de faire savoir au navigateur Firefox qu&#8217;il doit restaurer cette page, en fonction de certains \u00e9v\u00e9nements : si le navigateur plante, si le navigateur est mis \u00e0 jour (et doit red\u00e9marrer), dans tous les cas si une restauration de la session est requise. Voici la ligne correspondant au cookie vu sur la troisi\u00e8me capture, qui est pr\u00e9sente dans les fichiers de ce r\u00e9pertoire: \u00ab{&#8220;host&#8221;:&#8221;orditux.org&#8221;,&#8221;value&#8221;:&#8221;nrwfFBFoGnFhqFlC&#8221;,&#8221;path&#8221;:&#8221;\/&#8221;,&#8221;name&#8221;:&#8221;HCFTCLKMAGIDMBQA&#8221;}\u00bb<\/p>\n<p>Pour d\u00e9couvrir comment g\u00e9rer vos cookies de navigation lorsque vous utilisez d&#8217;autres navigateurs internet, vous trouverez de nombreuses informations sur Internet.<\/p>\n<p>L&#8217;extension utilis\u00e9e sur le site Orditux Informatique est r\u00e9gl\u00e9e pour invalider les cookies au bout de 1 semaine. Vous pouvez aussi configurer votre navigateur internet pour supprimer les cookies de l&#8217;ensemble des sites internet que vous avez visit\u00e9s \u00e0 chaque red\u00e9marrage du navigateur.<\/p>\n","protected":false},"excerpt":{"rendered":"<p>Que faire avec les cookies de navigation ? Orditux Informatique et ses blogs associ\u00e9s collectent les donn\u00e9es suivantes des donn\u00e9es de navigation anonymis\u00e9es par le biais de cookies les informations que vous fournissez\u00a0 par le formulaire de contact ou quand vous vous abonnez Ces cookies sont invalid\u00e9s apr\u00e8s 6 mois. Vous pouvez aussi les supprimer [&hellip;]<\/p>\n","protected":false},"author":1,"featured_media":0,"parent":0,"menu_order":0,"comment_status":"closed","ping_status":"closed","template":"","meta":{"_s2mail":"","footnotes":""},"class_list":["post-713","page","type-page","status-publish","hentry"],"_links":{"self":[{"href":"https:\/\/orditux.org\/floss\/wp-json\/wp\/v2\/pages\/713","targetHints":{"allow":["GET"]}}],"collection":[{"href":"https:\/\/orditux.org\/floss\/wp-json\/wp\/v2\/pages"}],"about":[{"href":"https:\/\/orditux.org\/floss\/wp-json\/wp\/v2\/types\/page"}],"author":[{"embeddable":true,"href":"https:\/\/orditux.org\/floss\/wp-json\/wp\/v2\/users\/1"}],"replies":[{"embeddable":true,"href":"https:\/\/orditux.org\/floss\/wp-json\/wp\/v2\/comments?post=713"}],"version-history":[{"count":2,"href":"https:\/\/orditux.org\/floss\/wp-json\/wp\/v2\/pages\/713\/revisions"}],"predecessor-version":[{"id":1428,"href":"https:\/\/orditux.org\/floss\/wp-json\/wp\/v2\/pages\/713\/revisions\/1428"}],"wp:attachment":[{"href":"https:\/\/orditux.org\/floss\/wp-json\/wp\/v2\/media?parent=713"}],"curies":[{"name":"wp","href":"https:\/\/api.w.org\/{rel}","templated":true}]}}