{"id":710,"date":"2020-04-07T21:08:43","date_gmt":"2020-04-07T19:08:43","guid":{"rendered":"https:\/\/orditux.org\/floss\/?page_id=710"},"modified":"2025-03-13T20:37:37","modified_gmt":"2025-03-13T18:37:37","slug":"mentions-legales","status":"publish","type":"page","link":"https:\/\/orditux.org\/floss\/mentions-legales\/","title":{"rendered":"Mentions l\u00e9gales"},"content":{"rendered":"<p>Les sites <a href=\"http:\/\/orditux.org\/\">Orditux informatique<\/a>,\u00a0 et Free Libre Open Source Software, sont la propri\u00e9t\u00e9 de Joyce MARKOLL. (09 Ari\u00e8ge)<\/p>\n<p>Les sites internet sont h\u00e9berg\u00e9s chez<a href=\"https:\/\/www.gandi.net\/\"> gandi.net<\/a>.<\/p>\n<p>Entreprise Orditux Informatique EIRL Joyce MARKOLL,\u00a0 RCS 381 525 765 \u2013 SIRET : 381 525 765 00024<\/p>\n<p>Le pr\u00e9sent site est int\u00e9gr\u00e9 et publi\u00e9 par <a href=\"https:\/\/orditux.org\/\">Orditux informatique<\/a>.<\/p>\n","protected":false},"excerpt":{"rendered":"<p>Les sites Orditux informatique,\u00a0 et Free Libre Open Source Software, sont la propri\u00e9t\u00e9 de Joyce MARKOLL. (09 Ari\u00e8ge) Les sites internet sont h\u00e9berg\u00e9s chez gandi.net. Entreprise Orditux Informatique EIRL Joyce MARKOLL,\u00a0 RCS 381 525 765 \u2013 SIRET : 381 525 765 00024 Le pr\u00e9sent site est int\u00e9gr\u00e9 et publi\u00e9 par Orditux informatique.<\/p>\n","protected":false},"author":1,"featured_media":0,"parent":0,"menu_order":0,"comment_status":"closed","ping_status":"closed","template":"","meta":{"_s2mail":"","footnotes":""},"class_list":["post-710","page","type-page","status-publish","hentry"],"_links":{"self":[{"href":"https:\/\/orditux.org\/floss\/wp-json\/wp\/v2\/pages\/710","targetHints":{"allow":["GET"]}}],"collection":[{"href":"https:\/\/orditux.org\/floss\/wp-json\/wp\/v2\/pages"}],"about":[{"href":"https:\/\/orditux.org\/floss\/wp-json\/wp\/v2\/types\/page"}],"author":[{"embeddable":true,"href":"https:\/\/orditux.org\/floss\/wp-json\/wp\/v2\/users\/1"}],"replies":[{"embeddable":true,"href":"https:\/\/orditux.org\/floss\/wp-json\/wp\/v2\/comments?post=710"}],"version-history":[{"count":3,"href":"https:\/\/orditux.org\/floss\/wp-json\/wp\/v2\/pages\/710\/revisions"}],"predecessor-version":[{"id":1354,"href":"https:\/\/orditux.org\/floss\/wp-json\/wp\/v2\/pages\/710\/revisions\/1354"}],"wp:attachment":[{"href":"https:\/\/orditux.org\/floss\/wp-json\/wp\/v2\/media?parent=710"}],"curies":[{"name":"wp","href":"https:\/\/api.w.org\/{rel}","templated":true}]}}