{"id":614,"date":"2020-03-08T20:24:06","date_gmt":"2020-03-08T18:24:06","guid":{"rendered":"https:\/\/orditux.org\/floss\/?page_id=614"},"modified":"2026-02-28T12:26:21","modified_gmt":"2026-02-28T10:26:21","slug":"sommaire","status":"publish","type":"page","link":"https:\/\/orditux.org\/floss\/sommaire\/","title":{"rendered":"Sommaire"},"content":{"rendered":"<table id=\"posts-table-1\" class=\"posts-data-table\" data-page-length=\"20\" data-paging=\"true\" data-order='[[1, \"desc\"]]' data-click-filter=\"true\" data-scroll-offset=\"15\" cellspacing=\"0\" width=\"100%\"><thead><tr><th data-name=\"title\" data-priority=\"1\" data-width=\"\">Titre :<\/th><th data-name=\"date\" data-priority=\"2\" data-width=\"\" data-order-data=\"3\">Dat\u00e9<\/th><th data-name=\"categories\" data-priority=\"7\" data-width=\"\">Cat\u00e9gories<\/th><th data-name=\"timestamp\" data-visible=\"false\"><\/th><\/tr><\/thead><tbody><tr><td><a href=\"https:\/\/orditux.org\/floss\/2023\/09\/17\/chiffrer-avec-cryptsetup-sous-linux\/\">Chiffrer avec Cryptsetup sous Linux<\/a><\/td><td>2023\/09\/17<\/td><td><a href=\"https:\/\/orditux.org\/floss\/category\/tutoriels\/\" rel=\"category tag\">Tutoriels<\/a><\/td><td>2023-09-17 17:10:33<\/td><\/tr><tr><td><a href=\"https:\/\/orditux.org\/floss\/2023\/01\/01\/ligne-dans-htaccess-mieux-que-robot-txt\/\">Robot.txt pour remplacer .htaccess<\/a><\/td><td>2023\/01\/01<\/td><td><a href=\"https:\/\/orditux.org\/floss\/category\/web\/\" rel=\"category tag\">web<\/a><\/td><td>2023-01-01 14:46:56<\/td><\/tr><tr><td><a href=\"https:\/\/orditux.org\/floss\/2022\/01\/24\/fichier-de-swap-sur-partition-btrfs\/\">Fichier de swap sur partition BTRFS<\/a><\/td><td>2022\/01\/24<\/td><td><a href=\"https:\/\/orditux.org\/floss\/category\/astuces\/\" rel=\"category tag\">Astuces<\/a><\/td><td>2022-01-24 17:13:40<\/td><\/tr><tr><td><a href=\"https:\/\/orditux.org\/floss\/2021\/08\/07\/scanner-sous-linux\/\">Scanner sous Linux<\/a><\/td><td>2021\/08\/07<\/td><td><a href=\"https:\/\/orditux.org\/floss\/category\/peripherique\/\" rel=\"category tag\">P\u00e9riph\u00e9rique<\/a><\/td><td>2021-08-07 16:54:05<\/td><\/tr><tr><td><a href=\"https:\/\/orditux.org\/floss\/2021\/06\/03\/comment-traduire-une-application\/\">Comment traduire une application<\/a><\/td><td>2021\/06\/03<\/td><td><a href=\"https:\/\/orditux.org\/floss\/category\/tutoriels\/\" rel=\"category tag\">Tutoriels<\/a><\/td><td>2021-06-03 11:11:03<\/td><\/tr><tr><td><a href=\"https:\/\/orditux.org\/floss\/2021\/02\/01\/creer-12-repertoires-numerotes-en-une-ligne-de-commande\/\">Cr\u00e9er 12 r\u00e9pertoires num\u00e9rot\u00e9s en une ligne de commande<\/a><\/td><td>2021\/02\/01<\/td><td><a href=\"https:\/\/orditux.org\/floss\/category\/astuces\/\" rel=\"category tag\">Astuces<\/a><\/td><td>2021-02-01 22:40:14<\/td><\/tr><tr><td><a href=\"https:\/\/orditux.org\/floss\/2020\/08\/12\/swapfile-sur-btrfs-et-ubuntu-20-04\/\">swapfile sur btrfs et Ubuntu 20.04<\/a><\/td><td>2020\/08\/12<\/td><td><a href=\"https:\/\/orditux.org\/floss\/category\/astuces\/\" rel=\"category tag\">Astuces<\/a><\/td><td>2020-08-12 11:14:28<\/td><\/tr><tr><td><a href=\"https:\/\/orditux.org\/floss\/2020\/05\/14\/securite-par-le-htaccess\/\">S\u00e9curit\u00e9 par le .htaccess<\/a><\/td><td>2020\/05\/14<\/td><td><a href=\"https:\/\/orditux.org\/floss\/category\/astuces\/\" rel=\"category tag\">Astuces<\/a><\/td><td>2020-05-14 08:12:05<\/td><\/tr><tr><td><a href=\"https:\/\/orditux.org\/floss\/2020\/05\/13\/creer-une-ancre-sans-plugin-avec-wordpress\/\">Cr\u00e9er une ancre sans plugin avec WordPress<\/a><\/td><td>2020\/05\/13<\/td><td><a href=\"https:\/\/orditux.org\/floss\/category\/astuces\/\" rel=\"category tag\">Astuces<\/a>, <a href=\"https:\/\/orditux.org\/floss\/category\/tutoriels\/\" rel=\"category tag\">Tutoriels<\/a><\/td><td>2020-05-13 07:59:14<\/td><\/tr><tr><td><a href=\"https:\/\/orditux.org\/floss\/2020\/05\/02\/configurer-une-carte-video\/\">Configurer une carte vid\u00e9o sous Linux<\/a><\/td><td>2020\/05\/02<\/td><td><a href=\"https:\/\/orditux.org\/floss\/category\/tutoriels\/\" rel=\"category tag\">Tutoriels<\/a><\/td><td>2020-05-02 07:24:36<\/td><\/tr><tr><td><a href=\"https:\/\/orditux.org\/floss\/2020\/04\/16\/votre-wordpress-en-multisite\/\">Votre WordPress en multisite<\/a><\/td><td>2020\/04\/16<\/td><td><a href=\"https:\/\/orditux.org\/floss\/category\/tutoriels\/\" rel=\"category tag\">Tutoriels<\/a><\/td><td>2020-04-16 16:26:16<\/td><\/tr><tr><td><a href=\"https:\/\/orditux.org\/floss\/2020\/04\/13\/installation-windows-10-linux-usb-et-grub2\/\">Installation Windows 10 + Linux avec USB et Grub2<\/a><\/td><td>2020\/04\/13<\/td><td><a href=\"https:\/\/orditux.org\/floss\/category\/tutoriels\/\" rel=\"category tag\">Tutoriels<\/a><\/td><td>2020-04-13 07:10:40<\/td><\/tr><tr><td><a href=\"https:\/\/orditux.org\/floss\/2020\/04\/08\/mettre-a-jour-wordpress-action\/\">Mettre \u00e0 jour WordPress : action !<\/a><\/td><td>2020\/04\/08<\/td><td><a href=\"https:\/\/orditux.org\/floss\/category\/tutoriels\/\" rel=\"category tag\">Tutoriels<\/a><\/td><td>2020-04-08 07:48:46<\/td><\/tr><tr><td><a href=\"https:\/\/orditux.org\/floss\/2020\/04\/07\/mettre-a-jour-wordpress-les-sauvegardes\/\">Mettre \u00e0 jour WordPress : les sauvegardes<\/a><\/td><td>2020\/04\/07<\/td><td><a href=\"https:\/\/orditux.org\/floss\/category\/tutoriels\/\" rel=\"category tag\">Tutoriels<\/a><\/td><td>2020-04-07 20:56:50<\/td><\/tr><tr><td><a href=\"https:\/\/orditux.org\/floss\/2020\/03\/19\/le-courriel-efficace\/\">Le courriel efficace<\/a><\/td><td>2020\/03\/19<\/td><td><a href=\"https:\/\/orditux.org\/floss\/category\/logiciels\/\" rel=\"category tag\">logiciels<\/a><\/td><td>2020-03-19 22:49:12<\/td><\/tr><tr><td><a href=\"https:\/\/orditux.org\/floss\/2020\/03\/08\/pourquoi-jai-choisi-wordpress\/\">Pourquoi j&#8217;ai choisi WordPress<\/a><\/td><td>2020\/03\/08<\/td><td><a href=\"https:\/\/orditux.org\/floss\/category\/web\/\" rel=\"category tag\">web<\/a><\/td><td>2020-03-08 21:49:48<\/td><\/tr><tr><td><a href=\"https:\/\/orditux.org\/floss\/2020\/03\/08\/des-captures-decrans-avec-un-logiciel-simple-et-leger\/\">Des captures d&#8217;\u00e9crans avec un logiciel simple et l\u00e9ger<\/a><\/td><td>2020\/03\/08<\/td><td><a href=\"https:\/\/orditux.org\/floss\/category\/logiciels\/\" rel=\"category tag\">logiciels<\/a><\/td><td>2020-03-08 15:25:54<\/td><\/tr><tr><td><a href=\"https:\/\/orditux.org\/floss\/2020\/03\/03\/savez-vous-jongler-avec-les-pdf\/\">Savez-vous jongler avec les pdf ?<\/a><\/td><td>2020\/03\/03<\/td><td><a href=\"https:\/\/orditux.org\/floss\/category\/logiciels\/\" rel=\"category tag\">logiciels<\/a><\/td><td>2020-03-03 19:03:03<\/td><\/tr><tr><td><a href=\"https:\/\/orditux.org\/floss\/2020\/02\/25\/orthographe-en-anglais-pour-mails-sous-linux\/\">Orthographe en anglais pour mails sous Linux<\/a><\/td><td>2020\/02\/25<\/td><td><a href=\"https:\/\/orditux.org\/floss\/category\/logiciels\/\" rel=\"category tag\">logiciels<\/a><\/td><td>2020-02-25 14:45:29<\/td><\/tr><tr><td><a href=\"https:\/\/orditux.org\/floss\/2019\/12\/03\/recuperer-vos-donnees-avec-whdd\/\">R\u00e9cup\u00e9rer vos donn\u00e9es avec WHDD<\/a><\/td><td>2019\/12\/03<\/td><td><a href=\"https:\/\/orditux.org\/floss\/category\/tutoriels\/\" rel=\"category tag\">Tutoriels<\/a><\/td><td>2019-12-03 21:41:20<\/td><\/tr><tr><td><a href=\"https:\/\/orditux.org\/floss\/2019\/11\/24\/configurer-prelink-intelligemment\/\">Configurer prelink intelligemment<\/a><\/td><td>2019\/11\/24<\/td><td><a href=\"https:\/\/orditux.org\/floss\/category\/tutoriels\/\" rel=\"category tag\">Tutoriels<\/a><\/td><td>2019-11-24 19:56:16<\/td><\/tr><tr><td><a href=\"https:\/\/orditux.org\/floss\/2019\/11\/17\/desactiver-la-partition-swap-definitivement\/\">D\u00e9sactiver la partition swap d\u00e9finitivement<\/a><\/td><td>2019\/11\/17<\/td><td><a href=\"https:\/\/orditux.org\/floss\/category\/tutoriels\/\" rel=\"category tag\">Tutoriels<\/a><\/td><td>2019-11-17 11:22:38<\/td><\/tr><tr><td><a href=\"https:\/\/orditux.org\/floss\/2019\/11\/10\/scanner-canoscan-lide-20\/\">Scanner CanoScan LiDE 20<\/a><\/td><td>2019\/11\/10<\/td><td><a href=\"https:\/\/orditux.org\/floss\/category\/hardware\/\" rel=\"category tag\">Hardware<\/a><\/td><td>2019-11-10 16:55:00<\/td><\/tr><tr><td><a href=\"https:\/\/orditux.org\/floss\/2019\/08\/06\/reglages-webcam-sur-tablette-pc-thinkpad-helix-3xxx\/\">R\u00e9glages webcam sur tablette PC Thinkpad Helix 3xxx<\/a><\/td><td>2019\/08\/06<\/td><td><a href=\"https:\/\/orditux.org\/floss\/category\/tutoriels\/\" rel=\"category tag\">Tutoriels<\/a><\/td><td>2019-08-06 00:18:04<\/td><\/tr><tr><td><a href=\"https:\/\/orditux.org\/floss\/2017\/12\/30\/traduire-un-logiciel-libre-depuis-un-fichier-pot-mo-ou-po\/\">Traduire un logiciel libre depuis un fichier .pot .mo ou .po<\/a><\/td><td>2017\/12\/30<\/td><td><a href=\"https:\/\/orditux.org\/floss\/category\/contributions\/\" rel=\"category tag\">contributions<\/a><\/td><td>2017-12-30 23:09:00<\/td><\/tr><tr><td><a href=\"https:\/\/orditux.org\/floss\/2017\/12\/30\/des-logiciels-pour-tous-les-jours\/\">Des logiciels pour tous les jours<\/a><\/td><td>2017\/12\/30<\/td><td><a href=\"https:\/\/orditux.org\/floss\/category\/logiciels\/\" rel=\"category tag\">logiciels<\/a><\/td><td>2017-12-30 19:04:46<\/td><\/tr><tr><td><a href=\"https:\/\/orditux.org\/floss\/2017\/12\/30\/configurer-xterm-et-urxvt\/\">Configurer Xterm et Urxvt<\/a><\/td><td>2017\/12\/30<\/td><td><a href=\"https:\/\/orditux.org\/floss\/category\/contributions\/\" rel=\"category tag\">contributions<\/a><\/td><td>2017-12-30 18:43:30<\/td><\/tr><tr><td><a href=\"https:\/\/orditux.org\/floss\/2017\/12\/30\/des-logiciels-libres-educatifs-ludiques-ou-ludo-educatifs\/\">Des Logiciels libres \u00e9ducatifs, ludiques ou ludo \u00e9ducatifs<\/a><\/td><td>2017\/12\/30<\/td><td><a href=\"https:\/\/orditux.org\/floss\/category\/promotion-du-libre\/\" rel=\"category tag\">Promotion du Libre<\/a><\/td><td>2017-12-30 18:04:13<\/td><\/tr><tr><td><a href=\"https:\/\/orditux.org\/floss\/2017\/04\/16\/reglage-de-la-luminosite-pour-un-pc-portable-recent-sous-linux\/\">R\u00e9glage de la luminosit\u00e9 pour un PC portable r\u00e9cent sous Linux<\/a><\/td><td>2017\/04\/16<\/td><td><a href=\"https:\/\/orditux.org\/floss\/category\/hardware\/\" rel=\"category tag\">Hardware<\/a><\/td><td>2017-04-16 22:00:44<\/td><\/tr><tr><td><a href=\"https:\/\/orditux.org\/floss\/2017\/04\/16\/parrains-linux\/\">Communaut\u00e9s d&#8217;entraide 1<\/a><\/td><td>2017\/04\/16<\/td><td><a href=\"https:\/\/orditux.org\/floss\/category\/communautes-dentraide\/\" rel=\"category tag\">Communaut\u00e9s d'entraide<\/a><\/td><td>2017-04-16 19:22:51<\/td><\/tr><\/tbody><\/table>\n","protected":false},"excerpt":{"rendered":"","protected":false},"author":1,"featured_media":0,"parent":0,"menu_order":0,"comment_status":"closed","ping_status":"closed","template":"","meta":{"_s2mail":"","footnotes":""},"class_list":["post-614","page","type-page","status-publish","hentry"],"_links":{"self":[{"href":"https:\/\/orditux.org\/floss\/wp-json\/wp\/v2\/pages\/614","targetHints":{"allow":["GET"]}}],"collection":[{"href":"https:\/\/orditux.org\/floss\/wp-json\/wp\/v2\/pages"}],"about":[{"href":"https:\/\/orditux.org\/floss\/wp-json\/wp\/v2\/types\/page"}],"author":[{"embeddable":true,"href":"https:\/\/orditux.org\/floss\/wp-json\/wp\/v2\/users\/1"}],"replies":[{"embeddable":true,"href":"https:\/\/orditux.org\/floss\/wp-json\/wp\/v2\/comments?post=614"}],"version-history":[{"count":2,"href":"https:\/\/orditux.org\/floss\/wp-json\/wp\/v2\/pages\/614\/revisions"}],"predecessor-version":[{"id":1509,"href":"https:\/\/orditux.org\/floss\/wp-json\/wp\/v2\/pages\/614\/revisions\/1509"}],"wp:attachment":[{"href":"https:\/\/orditux.org\/floss\/wp-json\/wp\/v2\/media?parent=614"}],"curies":[{"name":"wp","href":"https:\/\/api.w.org\/{rel}","templated":true}]}}