{"id":497,"date":"2019-08-05T21:47:49","date_gmt":"2019-08-05T19:47:49","guid":{"rendered":"https:\/\/orditux.org\/floss\/?page_id=497"},"modified":"2026-02-03T23:06:26","modified_gmt":"2026-02-03T21:06:26","slug":"a-propos","status":"publish","type":"page","link":"https:\/\/orditux.org\/floss\/a-propos\/","title":{"rendered":"\u00c0 propos"},"content":{"rendered":"<h2>L&#8217;Objectif de ce blog<\/h2>\n<p style=\"text-align: justify;\">Le site FLOSS, \u00abFree Libre Opensource Software\u00bb est d\u00e9di\u00e9 \u00e0 la publication de tutoriels, informations et documentations techniques le plus souvent en rapport avec le Logiciel libre ou avec le mat\u00e9riel (aka hardware). C&#8217;est g\u00e9n\u00e9ralement peu accessible aux simples utilisateurs qui pr\u00e9f\u00e9reront lire des articles sur \u00ab<a href=\"\/aol\/\">Ari\u00e8ge On Line<\/a>\u00bb.<\/p>\n<p>&nbsp;<\/p>\n","protected":false},"excerpt":{"rendered":"<p>L&#8217;Objectif de ce blog Le site FLOSS, \u00abFree Libre Opensource Software\u00bb est d\u00e9di\u00e9 \u00e0 la publication de tutoriels, informations et documentations techniques le plus souvent en rapport avec le Logiciel libre ou avec le mat\u00e9riel (aka hardware). C&#8217;est g\u00e9n\u00e9ralement peu accessible aux simples utilisateurs qui pr\u00e9f\u00e9reront lire des articles sur \u00abAri\u00e8ge On Line\u00bb. &nbsp;<\/p>\n","protected":false},"author":1,"featured_media":0,"parent":0,"menu_order":0,"comment_status":"closed","ping_status":"closed","template":"","meta":{"_s2mail":"","footnotes":""},"class_list":["post-497","page","type-page","status-publish","hentry"],"_links":{"self":[{"href":"https:\/\/orditux.org\/floss\/wp-json\/wp\/v2\/pages\/497","targetHints":{"allow":["GET"]}}],"collection":[{"href":"https:\/\/orditux.org\/floss\/wp-json\/wp\/v2\/pages"}],"about":[{"href":"https:\/\/orditux.org\/floss\/wp-json\/wp\/v2\/types\/page"}],"author":[{"embeddable":true,"href":"https:\/\/orditux.org\/floss\/wp-json\/wp\/v2\/users\/1"}],"replies":[{"embeddable":true,"href":"https:\/\/orditux.org\/floss\/wp-json\/wp\/v2\/comments?post=497"}],"version-history":[{"count":4,"href":"https:\/\/orditux.org\/floss\/wp-json\/wp\/v2\/pages\/497\/revisions"}],"predecessor-version":[{"id":1445,"href":"https:\/\/orditux.org\/floss\/wp-json\/wp\/v2\/pages\/497\/revisions\/1445"}],"wp:attachment":[{"href":"https:\/\/orditux.org\/floss\/wp-json\/wp\/v2\/media?parent=497"}],"curies":[{"name":"wp","href":"https:\/\/api.w.org\/{rel}","templated":true}]}}