{"id":1468,"date":"2026-02-04T07:20:44","date_gmt":"2026-02-04T05:20:44","guid":{"rendered":"https:\/\/orditux.org\/floss\/?page_id=1468"},"modified":"2026-02-05T05:17:07","modified_gmt":"2026-02-05T03:17:07","slug":"lettre-dinformation","status":"publish","type":"page","link":"https:\/\/orditux.org\/floss\/lettre-dinformation\/","title":{"rendered":"Lettre d&#8217;information"},"content":{"rendered":"<h1>Notre lettre d\u2019information<\/h1>\n<p>En vous inscrivant, vous recevrez une notification lors de la parution des nouveaux articles. Vous pourrez r\u00e9silier \u00e0 tout moment si vous n\u2019\u00eates plus int\u00e9ress\u00e9.<\/p>\n<form name=\"s2form\" method=\"post\" action=\"https:\/\/orditux.org\/floss\/lettre-dinformation\/\"><input type=\"hidden\" name=\"ip\" value=\"216.73.216.215\" \/><span style=\"display:none !important\"><label for=\"firstname\">Leave This Blank:<\/label><input type=\"text\" id=\"firstname\" name=\"firstname\" \/><label for=\"lastname\">Leave This Blank Too:<\/label><input type=\"text\" id=\"lastname\" name=\"lastname\" \/><label for=\"uri\">Do Not Change This:<\/label><input type=\"text\" id=\"uri\" name=\"uri\" value=\"http:\/\/\" \/><\/span><p><label for=\"s2email\">Votre e-mail :<\/label><br><input type=\"email\" name=\"email\" id=\"s2email\" value=\"Saisir l&#039;adresse e-mail...\" size=\"20\" onfocus=\"if (this.value === 'Saisir l'adresse e-mail...') {this.value = '';}\" onblur=\"if (this.value === '') {this.value = 'Saisir l'adresse e-mail...';}\" \/><\/p><p><input type=\"submit\" name=\"subscribe\" value=\"S&#039;abonner\" \/>&nbsp;<input type=\"submit\" name=\"unsubscribe\" value=\"Se d\u00e9sabonner\" \/><\/p><\/form>\r\n\n","protected":false},"excerpt":{"rendered":"<p>Notre lettre d\u2019information En vous inscrivant, vous recevrez une notification lors de la parution des nouveaux articles. Vous pourrez r\u00e9silier \u00e0 tout moment si vous n\u2019\u00eates plus int\u00e9ress\u00e9.<\/p>\n","protected":false},"author":1,"featured_media":0,"parent":0,"menu_order":0,"comment_status":"closed","ping_status":"closed","template":"","meta":{"_s2mail":"","footnotes":""},"class_list":["post-1468","page","type-page","status-publish","hentry"],"_links":{"self":[{"href":"https:\/\/orditux.org\/floss\/wp-json\/wp\/v2\/pages\/1468","targetHints":{"allow":["GET"]}}],"collection":[{"href":"https:\/\/orditux.org\/floss\/wp-json\/wp\/v2\/pages"}],"about":[{"href":"https:\/\/orditux.org\/floss\/wp-json\/wp\/v2\/types\/page"}],"author":[{"embeddable":true,"href":"https:\/\/orditux.org\/floss\/wp-json\/wp\/v2\/users\/1"}],"replies":[{"embeddable":true,"href":"https:\/\/orditux.org\/floss\/wp-json\/wp\/v2\/comments?post=1468"}],"version-history":[{"count":2,"href":"https:\/\/orditux.org\/floss\/wp-json\/wp\/v2\/pages\/1468\/revisions"}],"predecessor-version":[{"id":1483,"href":"https:\/\/orditux.org\/floss\/wp-json\/wp\/v2\/pages\/1468\/revisions\/1483"}],"wp:attachment":[{"href":"https:\/\/orditux.org\/floss\/wp-json\/wp\/v2\/media?parent=1468"}],"curies":[{"name":"wp","href":"https:\/\/api.w.org\/{rel}","templated":true}]}}