{"id":265,"date":"2015-11-15T17:53:06","date_gmt":"2015-11-15T16:53:06","guid":{"rendered":"http:\/\/bentovillage.me\/?page_id=265"},"modified":"2025-04-17T19:28:32","modified_gmt":"2025-04-17T17:28:32","slug":"documentation","status":"publish","type":"page","link":"https:\/\/orditux.org\/bentovillage\/documentation\/","title":{"rendered":"{:fr}Documentation{:}{:en}Documentation{:}"},"content":{"rendered":"<h1>Documentation Bento Openbox<\/h1>\n<p>Tout ce qui concerne l&rsquo;installation, l&rsquo;utilisation et la personnalisation de la distribution Bento Openbox GNU\/Linux, pour faire de cette distribution la v\u00f4tre !<\/p>\n<p>[ezcol_1third]<\/p>\n<h4>T\u00e9l\u00e9charger<\/h4>\n<p>Un fichier fournissant un syst\u00e8me d\u2019exploitation ne devrait pas \u00eatre trait\u00e9 comme un fichier ordinaire. On peut t\u00e9l\u00e9charger des fichiers \u00e0 l\u2019aide d\u2019un navigateur internet, <a href=\"https:\/\/orditux.org\/bentovillage\/2015\/11\/16\/telecharger-et-graver\/\">cependant\u2026<\/a><\/p>\n<p>[\/ezcol_1third]<\/p>\n<p>[ezcol_1third]<\/p>\n<h4>Pr\u00e9parer un media<\/h4>\n<p>On peut installer depuis un CD, un DVD, une cl\u00e9 USB et encore par d&rsquo;autres m\u00e9thodes. Ici, nous verrons comment pr\u00e9parer un CD et une cl\u00e9 USB\u2026 <a href=\"https:\/\/orditux.org\/bentovillage\/2016\/04\/18\/preparer-un-media-dinstallation\/\" target=\"_blank\" rel=\"noopener noreferrer\">\u00c0 lire sur cette page<\/a>.<\/p>\n<p>[\/ezcol_1third] [ezcol_1third_end]<\/p>\n<h4>Installer le syst\u00e8me<\/h4>\n<p>Sur machine ancienne avec BIOS ou r\u00e9cente avec UEFI ? <a href=\"https:\/\/orditux.org\/bentovillage\/2020\/03\/27\/demarrer-sur-votre-livecd\/\">Suivez le guide sur cette page<\/a>.<\/p>\n<p>[\/ezcol_1third_end]<\/p>\n<h1>Documentation Bento Openbox<\/h1>\n<p>All installation, use, customization related with the Bento Openbox GNU\/Linux distribution, to make it your&rsquo;s!<\/p>\n<p>[ezcol_1third]<\/p>\n<h4>Download<\/h4>\n<p>A file providing an Operation System shouldn&rsquo;t be treated as an ordinary file. We can download files using a web browser, <a href=\"https:\/\/orditux.org\/bentovillage\/en\/2015\/11\/16\/telecharger-et-graver\/\">however<\/a>\u2026<\/p>\n<p>[\/ezcol_1third]<\/p>\n<p>[ezcol_1third]<\/p>\n<h4>Prepare a media<\/h4>\n<p>We can install using a CD, a DVD, a USB stick and yet with other methods. Here we will learn how to prepare a CD and an USB stick\u2026 Please <a href=\"https:\/\/orditux.org\/bentovillage\/en\/2016\/04\/18\/preparer-un-media-dinstallation\/\" target=\"_blank\" rel=\"noopener\">read the article on this page<\/a>.<\/p>\n<p>[\/ezcol_1third] [ezcol_1third_end]<\/p>\n<h4>Install the system<\/h4>\n<p>On an old computer with a BIOS or recent with UEFI?<\/p>\n<p>[\/ezcol_1third_end]<\/p>\n","protected":false},"excerpt":{"rendered":"<p>Documentation Bento Openbox Tout ce qui concerne l&rsquo;installation, l&rsquo;utilisation et la personnalisation de la distribution Bento Openbox GNU\/Linux, pour faire de cette distribution la v\u00f4tre ! [ezcol_1third] T\u00e9l\u00e9charger Un fichier fournissant un syst\u00e8me d\u2019exploitation ne &hellip;<\/p>\n","protected":false},"author":1,"featured_media":0,"parent":0,"menu_order":0,"comment_status":"closed","ping_status":"closed","template":"","meta":{"footnotes":""},"class_list":["post-265","page","type-page","status-publish","hentry"],"_links":{"self":[{"href":"https:\/\/orditux.org\/bentovillage\/wp-json\/wp\/v2\/pages\/265","targetHints":{"allow":["GET"]}}],"collection":[{"href":"https:\/\/orditux.org\/bentovillage\/wp-json\/wp\/v2\/pages"}],"about":[{"href":"https:\/\/orditux.org\/bentovillage\/wp-json\/wp\/v2\/types\/page"}],"author":[{"embeddable":true,"href":"https:\/\/orditux.org\/bentovillage\/wp-json\/wp\/v2\/users\/1"}],"replies":[{"embeddable":true,"href":"https:\/\/orditux.org\/bentovillage\/wp-json\/wp\/v2\/comments?post=265"}],"version-history":[{"count":9,"href":"https:\/\/orditux.org\/bentovillage\/wp-json\/wp\/v2\/pages\/265\/revisions"}],"predecessor-version":[{"id":506,"href":"https:\/\/orditux.org\/bentovillage\/wp-json\/wp\/v2\/pages\/265\/revisions\/506"}],"wp:attachment":[{"href":"https:\/\/orditux.org\/bentovillage\/wp-json\/wp\/v2\/media?parent=265"}],"curies":[{"name":"wp","href":"https:\/\/api.w.org\/{rel}","templated":true}]}}