{"id":801,"date":"2016-03-20T23:06:21","date_gmt":"2016-03-20T21:06:21","guid":{"rendered":"http:\/\/orditux.org\/aol\/?page_id=801"},"modified":"2026-01-23T17:49:41","modified_gmt":"2026-01-23T15:49:41","slug":"a-visiter","status":"publish","type":"page","link":"https:\/\/orditux.org\/aol\/a-visiter\/","title":{"rendered":"\u00c0 visiter"},"content":{"rendered":"<p style=\"text-align: center;\"><strong>Cliquer sur les images ci-dessous pour visiter les sites web de ces projets<br \/>\n<\/strong><\/p>\n<div class=\"column-group columns-2\"><br \/>\n<div class=\"column column-number-1 column-span-1\"><p><a href=\"http:\/\/www.linuxedu.org\/\" rel=\"attachment wp-att-802\"><img data-recalc-dims=\"1\" decoding=\"async\" class=\"wp-image-802 size-full aligncenter\" src=\"https:\/\/i0.wp.com\/orditux.org\/aol\/files\/2016\/03\/banniere-linuxedu-300x86.jpg?resize=300%2C86\" alt=\"Banni\u00e8re Linux Edu\" width=\"300\" height=\"86\" srcset=\"https:\/\/i0.wp.com\/orditux.org\/aol\/files\/2016\/03\/banniere-linuxedu-300x86.jpg?resize=300%2C86&amp;ssl=1 300w, https:\/\/i0.wp.com\/orditux.org\/aol\/files\/2016\/03\/banniere-linuxedu-300x86.jpg?resize=24%2C7&amp;ssl=1 24w, https:\/\/i0.wp.com\/orditux.org\/aol\/files\/2016\/03\/banniere-linuxedu-300x86.jpg?resize=36%2C10&amp;ssl=1 36w, https:\/\/i0.wp.com\/orditux.org\/aol\/files\/2016\/03\/banniere-linuxedu-300x86.jpg?resize=48%2C14&amp;ssl=1 48w\" sizes=\"(max-width: 300px) 100vw, 300px\" \/><\/a><\/p>\n<\/div><br \/>\n<div class=\"column column-number-2 last column-span-1\"><p><a href=\"http:\/\/www.april.org\/\" rel=\"attachment wp-att-813\"><img data-recalc-dims=\"1\" decoding=\"async\" class=\"size-full wp-image-813 aligncenter\" src=\"https:\/\/i0.wp.com\/orditux.org\/aol\/files\/2016\/03\/logo-april.png?resize=252%2C104\" alt=\"Logo April\" width=\"252\" height=\"104\" srcset=\"https:\/\/i0.wp.com\/orditux.org\/aol\/files\/2016\/03\/logo-april.png?w=252&amp;ssl=1 252w, https:\/\/i0.wp.com\/orditux.org\/aol\/files\/2016\/03\/logo-april.png?resize=24%2C10&amp;ssl=1 24w, https:\/\/i0.wp.com\/orditux.org\/aol\/files\/2016\/03\/logo-april.png?resize=36%2C15&amp;ssl=1 36w, https:\/\/i0.wp.com\/orditux.org\/aol\/files\/2016\/03\/logo-april.png?resize=48%2C20&amp;ssl=1 48w\" sizes=\"(max-width: 252px) 100vw, 252px\" \/><\/a><\/p>\n<\/div><br \/>\n<\/div>\n<div class=\"column-group columns-1\"><br \/>\n<div class=\"column column-number-1 last column-span-1\"><p><a href=\"http:\/\/toulibre.org\/\" rel=\"attachment wp-att-804\"><img data-recalc-dims=\"1\" decoding=\"async\" class=\"size-full wp-image-804 aligncenter\" src=\"https:\/\/i0.wp.com\/orditux.org\/aol\/files\/2016\/03\/Logo-Toulibre.png?resize=300%2C86\" alt=\"Logo Toulibre\" width=\"300\" height=\"86\" srcset=\"https:\/\/i0.wp.com\/orditux.org\/aol\/files\/2016\/03\/Logo-Toulibre.png?w=300&amp;ssl=1 300w, https:\/\/i0.wp.com\/orditux.org\/aol\/files\/2016\/03\/Logo-Toulibre.png?resize=24%2C7&amp;ssl=1 24w, https:\/\/i0.wp.com\/orditux.org\/aol\/files\/2016\/03\/Logo-Toulibre.png?resize=36%2C10&amp;ssl=1 36w, https:\/\/i0.wp.com\/orditux.org\/aol\/files\/2016\/03\/Logo-Toulibre.png?resize=48%2C14&amp;ssl=1 48w\" sizes=\"(max-width: 300px) 100vw, 300px\" \/><\/a><\/p>\n<\/div><br \/>\n<\/div>\n<p>&nbsp;<\/p>\n<p style=\"text-align: center;\"><strong>Et aussi<\/strong><\/p>\n<ul>\n<li><a href=\"http:\/\/ariege.demosphere.eu\/\">Agenda Demosph\u00e8re Ari\u00e8ge<\/a><\/li>\n<li><a href=\"http:\/\/www.agendadulibre.org\/\">Agenda du Libre<\/a><\/li>\n<li><a href=\"https:\/\/www.april.org\/\">Association April<\/a><\/li>\n<li><a href=\"http:\/\/www.biloutoguna.org\/\">Bilou Toguna<\/a><\/li>\n<li><a href=\"http:\/\/citrotux.org\/\">Citrotux<\/a><\/li>\n<li><a href=\"http:\/\/www.artilect.fr\/\">Fablab Toulouse<\/a><\/li>\n<li><a href=\"http:\/\/framasoft.net\/\">Framasoft<\/a><\/li>\n<li><a href=\"http:\/\/linuxvillage.org\/\">LinuxVillage<\/a><\/li>\n<li><a href=\"http:\/\/www.openstreetmap.org\/#map=5\/51.500\/-0.100\">OpenStreetMap<\/a><\/li>\n<li><a href=\"http:\/\/jenairienacacher.fr\/\">Rien \u00e0 cacher ?<\/a><\/li>\n<li><a href=\"http:\/\/wonderstudy.github.io\/\">WonderStudy<\/a><\/li>\n<\/ul>\n","protected":false},"excerpt":{"rendered":"<p>Cliquer sur les images ci-dessous pour visiter les sites web de ces projets &nbsp; Et aussi Agenda Demosph\u00e8re Ari\u00e8ge Agenda du Libre Association April Bilou Toguna Citrotux Fablab Toulouse Framasoft LinuxVillage OpenStreetMap Rien \u00e0 cacher ? WonderStudy<\/p>\n","protected":false},"author":1,"featured_media":0,"parent":0,"menu_order":0,"comment_status":"closed","ping_status":"closed","template":"","meta":{"_s2mail":"","footnotes":""},"class_list":["post-801","page","type-page","status-publish","hentry"],"_links":{"self":[{"href":"https:\/\/orditux.org\/aol\/wp-json\/wp\/v2\/pages\/801","targetHints":{"allow":["GET"]}}],"collection":[{"href":"https:\/\/orditux.org\/aol\/wp-json\/wp\/v2\/pages"}],"about":[{"href":"https:\/\/orditux.org\/aol\/wp-json\/wp\/v2\/types\/page"}],"author":[{"embeddable":true,"href":"https:\/\/orditux.org\/aol\/wp-json\/wp\/v2\/users\/1"}],"replies":[{"embeddable":true,"href":"https:\/\/orditux.org\/aol\/wp-json\/wp\/v2\/comments?post=801"}],"version-history":[{"count":4,"href":"https:\/\/orditux.org\/aol\/wp-json\/wp\/v2\/pages\/801\/revisions"}],"predecessor-version":[{"id":2494,"href":"https:\/\/orditux.org\/aol\/wp-json\/wp\/v2\/pages\/801\/revisions\/2494"}],"wp:attachment":[{"href":"https:\/\/orditux.org\/aol\/wp-json\/wp\/v2\/media?parent=801"}],"curies":[{"name":"wp","href":"https:\/\/api.w.org\/{rel}","templated":true}]}}