{"id":310,"date":"2013-09-20T14:31:04","date_gmt":"2013-09-20T12:31:04","guid":{"rendered":"http:\/\/orditux.org\/aol\/?page_id=310"},"modified":"2026-02-04T18:10:24","modified_gmt":"2026-02-04T16:10:24","slug":"accueil","status":"publish","type":"page","link":"https:\/\/orditux.org\/aol\/accueil\/","title":{"rendered":"\u00c0 propos"},"content":{"rendered":"<h2 style=\"text-align: left;\">\u00c0 propos de ce blog<\/h2>\n<div id=\"attachment_2505\" class=\"wp-caption alignleft\" style=\"width: 220px\"><img data-recalc-dims=\"1\" decoding=\"async\" class=\"wp-image-2505 size-full\" title=\"GNU &amp; Tux\" src=\"https:\/\/i0.wp.com\/orditux.org\/aol\/files\/2026\/01\/200px-GNU_and_Tux.png?resize=220%2C160&#038;ssl=1\" alt=\"GNU &amp; Tux\" width=\"220\" height=\"160\" \/><p class=\"wp-caption-text\">GNU &amp; Tux<\/p><\/div>\n<p style=\"text-align: justify; padding-left: 40px;\">Le blog de L&#8217;Atelier Orditux Informatique parle de logiciels libres et d&#8217;\u00e9v\u00e8nements locaux.<\/p>\n<p style=\"text-align: justify; padding-left: 40px;\"><span class=\"lt-line-clamp__raw-line\">J\u2019utilise\u00a0 GNU\/Linux au quotidien depuis 2004 pour communiquer, travailler, me divertir et faire des recherches sur Internet. <\/span><\/p>\n<p style=\"text-align: justify; padding-left: 40px;\"><span class=\"lt-line-clamp__raw-line\">Je ne connais ni les virus, ni la fragmentation, ni les \u00e9crans bleus. Mes PC durent longtemps sans perdre en fonctionnalit\u00e9, et j<\/span>e met \u00e0 disposition des personnes et des organisations, des services num\u00e9riques et\u00a0 informatiques, dont vous pouvez retrouver les descriptions sur <a href=\"https:\/\/orditux.org\" target=\"_blank\" rel=\"noopener\">le site de l&#8217;Atelier Orditux Informatique<\/a>.<\/p>\n<p style=\"text-align: center; padding-left: 40px;\">Si vous avez des questions sur l&#8217;informatique et l&#8217;allongement de la dur\u00e9e de vie des PC, <a href=\"https:\/\/orditux.org\/contact\">contactez-nous.<\/a><\/p>\n","protected":false},"excerpt":{"rendered":"<p>\u00c0 propos de ce blog Le blog de L&#8217;Atelier Orditux Informatique parle de logiciels libres et d&#8217;\u00e9v\u00e8nements locaux. J\u2019utilise\u00a0 GNU\/Linux au quotidien depuis 2004 pour communiquer, travailler, me divertir et faire des recherches sur Internet. Je ne connais ni les virus, ni la fragmentation, ni les \u00e9crans bleus. Mes PC durent longtemps sans perdre en [&hellip;]<\/p>\n","protected":false},"author":1,"featured_media":0,"parent":0,"menu_order":0,"comment_status":"closed","ping_status":"open","template":"","meta":{"_s2mail":"","footnotes":""},"class_list":["post-310","page","type-page","status-publish","hentry"],"_links":{"self":[{"href":"https:\/\/orditux.org\/aol\/wp-json\/wp\/v2\/pages\/310","targetHints":{"allow":["GET"]}}],"collection":[{"href":"https:\/\/orditux.org\/aol\/wp-json\/wp\/v2\/pages"}],"about":[{"href":"https:\/\/orditux.org\/aol\/wp-json\/wp\/v2\/types\/page"}],"author":[{"embeddable":true,"href":"https:\/\/orditux.org\/aol\/wp-json\/wp\/v2\/users\/1"}],"replies":[{"embeddable":true,"href":"https:\/\/orditux.org\/aol\/wp-json\/wp\/v2\/comments?post=310"}],"version-history":[{"count":18,"href":"https:\/\/orditux.org\/aol\/wp-json\/wp\/v2\/pages\/310\/revisions"}],"predecessor-version":[{"id":2904,"href":"https:\/\/orditux.org\/aol\/wp-json\/wp\/v2\/pages\/310\/revisions\/2904"}],"wp:attachment":[{"href":"https:\/\/orditux.org\/aol\/wp-json\/wp\/v2\/media?parent=310"}],"curies":[{"name":"wp","href":"https:\/\/api.w.org\/{rel}","templated":true}]}}