{"id":1543,"date":"2020-04-07T21:56:24","date_gmt":"2020-04-07T19:56:24","guid":{"rendered":"https:\/\/orditux.org\/aol\/?page_id=1543"},"modified":"2020-04-07T21:56:24","modified_gmt":"2020-04-07T19:56:24","slug":"rgpd","status":"publish","type":"page","link":"https:\/\/orditux.org\/aol\/rgpd\/","title":{"rendered":"RGPD"},"content":{"rendered":"<h2>R\u00e8glement G\u00e9n\u00e9ral sur la Protection des Donn\u00e9es<\/h2>\n<p>Lorsque vous communiquez vous informations par le formulaire de contact, du fait de votre abonnement \u00e0 nos blogs, ou par email ces donn\u00e9es sont trait\u00e9es afin d&#8217;acc\u00e9der \u00e0 vos demandes.<\/p>\n<p>Conform\u00e9ment \u00e0 la loi \u00ab informatique et libert\u00e9s \u00bb du 6 janvier 1978 modifi\u00e9e en 2004, vous b\u00e9n\u00e9ficiez d\u2019un droit d\u2019acc\u00e8s et de rectification aux informations qui vous concernent, que vous pouvez exercer en le sp\u00e9cifiant \u00e0 cette adresse, <a href=\"mailto:contact@orditux.org\">contact [@] orditux [.] org<\/a><\/p>\n<p>Les donn\u00e9es que vous nous communiquez ne sont ni revendues \u00e0 des tiers ni utilis\u00e9es pour vous d\u00e9marcher commercialement.<\/p>\n","protected":false},"excerpt":{"rendered":"<p>R\u00e8glement G\u00e9n\u00e9ral sur la Protection des Donn\u00e9es Lorsque vous communiquez vous informations par le formulaire de contact, du fait de votre abonnement \u00e0 nos blogs, ou par email ces donn\u00e9es sont trait\u00e9es afin d&#8217;acc\u00e9der \u00e0 vos demandes. Conform\u00e9ment \u00e0 la loi \u00ab informatique et libert\u00e9s \u00bb du 6 janvier 1978 modifi\u00e9e en 2004, vous b\u00e9n\u00e9ficiez [&hellip;]<\/p>\n","protected":false},"author":1,"featured_media":0,"parent":0,"menu_order":0,"comment_status":"closed","ping_status":"closed","template":"","meta":{"_s2mail":"","footnotes":""},"class_list":["post-1543","page","type-page","status-publish","hentry"],"_links":{"self":[{"href":"https:\/\/orditux.org\/aol\/wp-json\/wp\/v2\/pages\/1543","targetHints":{"allow":["GET"]}}],"collection":[{"href":"https:\/\/orditux.org\/aol\/wp-json\/wp\/v2\/pages"}],"about":[{"href":"https:\/\/orditux.org\/aol\/wp-json\/wp\/v2\/types\/page"}],"author":[{"embeddable":true,"href":"https:\/\/orditux.org\/aol\/wp-json\/wp\/v2\/users\/1"}],"replies":[{"embeddable":true,"href":"https:\/\/orditux.org\/aol\/wp-json\/wp\/v2\/comments?post=1543"}],"version-history":[{"count":0,"href":"https:\/\/orditux.org\/aol\/wp-json\/wp\/v2\/pages\/1543\/revisions"}],"wp:attachment":[{"href":"https:\/\/orditux.org\/aol\/wp-json\/wp\/v2\/media?parent=1543"}],"curies":[{"name":"wp","href":"https:\/\/api.w.org\/{rel}","templated":true}]}}